{"id":4527,"date":"2024-07-29T13:56:23","date_gmt":"2024-07-29T06:56:23","guid":{"rendered":"https:\/\/vietextile.com\/?page_id=4527"},"modified":"2024-08-11T20:45:01","modified_gmt":"2024-08-11T13:45:01","slug":"hoa-chat","status":"publish","type":"page","link":"https:\/\/vietextile.com\/en\/hoa-chat\/","title":{"rendered":"Ho\u00e1 ch\u1ea5t"},"content":{"rendered":"\t\t<div data-elementor-type=\"wp-page\" data-elementor-id=\"4527\" class=\"elementor elementor-4527\" data-elementor-post-type=\"page\">\n\t\t\t\t<div class=\"elementor-element elementor-element-39b31fc2 e-con-full e-flex e-con e-parent\" data-id=\"39b31fc2\" data-element_type=\"container\" data-settings=\"{&quot;background_background&quot;:&quot;classic&quot;}\">\n\t\t<div class=\"elementor-element elementor-element-10c982a4 e-con-full e-flex e-con e-child\" data-id=\"10c982a4\" data-element_type=\"container\" data-settings=\"{&quot;background_background&quot;:&quot;classic&quot;}\">\n\t\t<div class=\"elementor-element elementor-element-6816d55a e-con-full e-flex e-con e-child\" data-id=\"6816d55a\" data-element_type=\"container\" data-settings=\"{&quot;background_background&quot;:&quot;classic&quot;}\">\n\t\t\t\t<div class=\"elementor-element elementor-element-23ff584c elementor-widget elementor-widget-heading\" data-id=\"23ff584c\" data-element_type=\"widget\" data-widget_type=\"heading.default\">\n\t\t\t\t<div class=\"elementor-widget-container\">\n\t\t\t\t\t<h2 class=\"elementor-heading-title elementor-size-default\">Viechemol<\/h2>\t\t\t\t<\/div>\n\t\t\t\t<\/div>\n\t\t\t\t<div class=\"elementor-element elementor-element-5017b5f elementor-widget elementor-widget-heading\" data-id=\"5017b5f\" data-element_type=\"widget\" data-widget_type=\"heading.default\">\n\t\t\t\t<div class=\"elementor-widget-container\">\n\t\t\t\t\t<h2 class=\"elementor-heading-title elementor-size-default\">Ho\u00e1 Ch\u1ea5t N\u1ea5u T\u1ea9y<\/h2>\t\t\t\t<\/div>\n\t\t\t\t<\/div>\n\t\t\t\t<div class=\"elementor-element elementor-element-451d13c0 elementor-widget elementor-widget-heading\" data-id=\"451d13c0\" data-element_type=\"widget\" data-widget_type=\"heading.default\">\n\t\t\t\t<div class=\"elementor-widget-container\">\n\t\t\t\t\t<h2 class=\"elementor-heading-title elementor-size-default\">Gi\u1ea3i ph\u00e1p to\u00e0n di\u1ec7n cho c\u00e1c quy tr\u00ecnh nhu\u1ed9m<\/h2>\t\t\t\t<\/div>\n\t\t\t\t<\/div>\n\t\t\t\t<div class=\"elementor-element elementor-element-64d5a7c7 elementor-widget elementor-widget-button\" data-id=\"64d5a7c7\" data-element_type=\"widget\" data-widget_type=\"button.default\">\n\t\t\t\t<div class=\"elementor-widget-container\">\n\t\t\t\t\t\t\t\t\t<div class=\"elementor-button-wrapper\">\n\t\t\t\t\t<a class=\"elementor-button elementor-button-link elementor-size-sm\" href=\"#\">\n\t\t\t\t\t\t<span class=\"elementor-button-content-wrapper\">\n\t\t\t\t\t\t\t\t\t<span class=\"elementor-button-text\">T\u00ecm hi\u1ec3u ngay<\/span>\n\t\t\t\t\t<\/span>\n\t\t\t\t\t<\/a>\n\t\t\t\t<\/div>\n\t\t\t\t\t\t\t\t<\/div>\n\t\t\t\t<\/div>\n\t\t\t\t<\/div>\n\t\t\t\t<\/div>\n\t\t\t\t<\/div>\n\t\t<div class=\"elementor-element elementor-element-427ee04b e-flex e-con-boxed e-con e-parent\" data-id=\"427ee04b\" data-element_type=\"container\" data-settings=\"{&quot;background_background&quot;:&quot;classic&quot;}\">\n\t\t\t\t\t<div class=\"e-con-inner\">\n\t\t<div class=\"elementor-element elementor-element-7d78f139 e-con-full e-flex e-con e-child\" data-id=\"7d78f139\" data-element_type=\"container\">\n\t\t\t\t<div class=\"elementor-element elementor-element-6dd3e7d8 elementor-widget elementor-widget-heading\" data-id=\"6dd3e7d8\" data-element_type=\"widget\" data-widget_type=\"heading.default\">\n\t\t\t\t<div class=\"elementor-widget-container\">\n\t\t\t\t\t<h2 class=\"elementor-heading-title elementor-size-default\">Gi\u1edbi thi\u1ec7u v\u1ec1 VieChemol<\/h2>\t\t\t\t<\/div>\n\t\t\t\t<\/div>\n\t\t\t\t<div class=\"elementor-element elementor-element-57f82dfd elementor-widget elementor-widget-text-editor\" data-id=\"57f82dfd\" data-element_type=\"widget\" data-widget_type=\"text-editor.default\">\n\t\t\t\t<div class=\"elementor-widget-container\">\n\t\t\t\t\t\t\t\t\t<div id=\"col-1577160371\" class=\"col medium-3 small-12 large-3\"><div class=\"col-inner text-right\"><div id=\"text-3693336357\" class=\"text\"><p><i>VieChemol SR l\u00e0 h\u1ee3p ch\u1ea5t n\u1ea5u t\u1ea9y, l\u00e0m \u01b0\u1edbt hi\u1ec7u qu\u1ea3. \u0110\u1ed3ng th\u1eddi, mang l\u1ea1i l\u1ee3i \u00edch \u0111\u00e1ng k\u1ec3 cho ng\u00e0nh c\u00f4ng nghi\u1ec7p d\u1ec7t may.<\/i><\/p><\/div><\/div><\/div>\t\t\t\t\t\t\t\t<\/div>\n\t\t\t\t<\/div>\n\t\t\t\t<\/div>\n\t\t<div class=\"elementor-element elementor-element-656b22e0 e-con-full e-flex e-con e-child\" data-id=\"656b22e0\" data-element_type=\"container\">\n\t\t\t\t<div class=\"elementor-element elementor-element-6a504fea elementor-widget elementor-widget-image\" data-id=\"6a504fea\" data-element_type=\"widget\" data-widget_type=\"image.default\">\n\t\t\t\t<div class=\"elementor-widget-container\">\n\t\t\t\t\t\t\t\t\t\t\t\t\t\t\t<img fetchpriority=\"high\" decoding=\"async\" width=\"450\" height=\"300\" src=\"https:\/\/vietextile.com\/wp-content\/uploads\/2024\/07\/hoa-chat-1.webp\" class=\"elementor-animation-grow attachment-full size-full wp-image-4531\" alt=\"\" srcset=\"https:\/\/vietextile.com\/wp-content\/uploads\/2024\/07\/hoa-chat-1.webp 450w, https:\/\/vietextile.com\/wp-content\/uploads\/2024\/07\/hoa-chat-1-300x200.webp 300w\" sizes=\"(max-width: 450px) 100vw, 450px\" title=\"\">\t\t\t\t\t\t\t\t\t\t\t\t\t\t\t<\/div>\n\t\t\t\t<\/div>\n\t\t\t\t<\/div>\n\t\t<div class=\"elementor-element elementor-element-4134ccd3 e-con-full e-flex e-con e-child\" data-id=\"4134ccd3\" data-element_type=\"container\">\n\t\t\t\t<div class=\"elementor-element elementor-element-4f216579 elementor-widget elementor-widget-heading\" data-id=\"4f216579\" data-element_type=\"widget\" data-widget_type=\"heading.default\">\n\t\t\t\t<div class=\"elementor-widget-container\">\n\t\t\t\t\t<h2 class=\"elementor-heading-title elementor-size-default\">Th\u00e0nh ph\u1ea7n ho\u00e1 h\u1ecdc c\u1ee7a VieChemol<\/h2>\t\t\t\t<\/div>\n\t\t\t\t<\/div>\n\t\t\t\t<div class=\"elementor-element elementor-element-39ca9cec elementor-widget elementor-widget-text-editor\" data-id=\"39ca9cec\" data-element_type=\"widget\" data-widget_type=\"text-editor.default\">\n\t\t\t\t<div class=\"elementor-widget-container\">\n\t\t\t\t\t\t\t\t\t<section id=\"section_2137575226\" class=\"section\"><div class=\"section-content relative\"><div id=\"row-1218624543\" class=\"row row-large align-center\"><div id=\"col-1985654509\" class=\"col medium-3 small-12 large-3\"><div class=\"col-inner text-left\"><p>Th\u00e0nh ph\u1ea7n ch\u00ednh c\u1ee7a VieChemol l\u00e0 c\u00e1c d\u1eabn xu\u1ea5t Ethoxylate d\u1ec5 h\u00f2a tan trong n\u01b0\u1edbc, \u00edt t\u1ea1o b\u1ecdt v\u00e0 c\u00f3 kh\u1ea3 n\u0103ng l\u00e0m s\u1ea1ch hi\u1ec7u qu\u1ea3.\u00a0<\/p><\/div><\/div><\/div><\/div><\/section>\t\t\t\t\t\t\t\t<\/div>\n\t\t\t\t<\/div>\n\t\t\t\t<\/div>\n\t\t\t\t\t<\/div>\n\t\t\t\t<\/div>\n\t\t<div class=\"elementor-element elementor-element-1e27e367 e-flex e-con-boxed e-con e-parent\" data-id=\"1e27e367\" data-element_type=\"container\">\n\t\t\t\t\t<div class=\"e-con-inner\">\n\t\t<div class=\"elementor-element elementor-element-731bc8d1 e-con-full e-flex e-con e-child\" data-id=\"731bc8d1\" data-element_type=\"container\">\n\t\t\t\t<div class=\"elementor-element elementor-element-115771aa elementor-widget elementor-widget-heading\" data-id=\"115771aa\" data-element_type=\"widget\" data-widget_type=\"heading.default\">\n\t\t\t\t<div class=\"elementor-widget-container\">\n\t\t\t\t\t<h2 class=\"elementor-heading-title elementor-size-default\">\u0110\u1eb7c t\u00ednh v\u01b0\u1ee3t tr\u1ed9i c\u1ee7a VieChemol SR<\/h2>\t\t\t\t<\/div>\n\t\t\t\t<\/div>\n\t\t\t\t<div class=\"elementor-element elementor-element-78aa48cd elementor-widget elementor-widget-text-editor\" data-id=\"78aa48cd\" data-element_type=\"widget\" data-widget_type=\"text-editor.default\">\n\t\t\t\t<div class=\"elementor-widget-container\">\n\t\t\t\t\t\t\t\t\t<p>VieChemol SR l\u00e0 ho\u00e1 ch\u1ea5t c\u00f4ng nghi\u1ec7p th\u00e2n thi\u1ec7n v\u1edbi m\u00f4i tr\u01b0\u1eddng, c\u00f3 th\u1ec3 k\u1ebft h\u1ee3p v\u1edbi axit ho\u1eb7c c\u00e1c ch\u1ea5t c\u00f4 l\u1eadp kh\u00e1c gi\u00fap gia t\u0103ng hi\u1ec7u qu\u1ea3 c\u1ee7a qu\u00e1 tr\u00ecnh l\u00e0m s\u1ea1ch, t\u1ea9y tr\u1eafng.<\/p>\t\t\t\t\t\t\t\t<\/div>\n\t\t\t\t<\/div>\n\t\t\t\t<div class=\"elementor-element elementor-element-248726f1 elementor-widget elementor-widget-button\" data-id=\"248726f1\" data-element_type=\"widget\" data-widget_type=\"button.default\">\n\t\t\t\t<div class=\"elementor-widget-container\">\n\t\t\t\t\t\t\t\t\t<div class=\"elementor-button-wrapper\">\n\t\t\t\t\t<a class=\"elementor-button elementor-button-link elementor-size-sm\" href=\"#\">\n\t\t\t\t\t\t<span class=\"elementor-button-content-wrapper\">\n\t\t\t\t\t\t\t\t\t<span class=\"elementor-button-text\">Xem th\u00eam<\/span>\n\t\t\t\t\t<\/span>\n\t\t\t\t\t<\/a>\n\t\t\t\t<\/div>\n\t\t\t\t\t\t\t\t<\/div>\n\t\t\t\t<\/div>\n\t\t\t\t<\/div>\n\t\t<div class=\"elementor-element elementor-element-262c9281 e-con-full e-flex e-con e-child\" data-id=\"262c9281\" data-element_type=\"container\">\n\t\t\t\t<div class=\"elementor-element elementor-element-5a2f80a3 elementor-widget elementor-widget-image\" data-id=\"5a2f80a3\" data-element_type=\"widget\" data-widget_type=\"image.default\">\n\t\t\t\t<div class=\"elementor-widget-container\">\n\t\t\t\t\t\t\t\t\t\t\t\t\t\t\t<img decoding=\"async\" width=\"1024\" height=\"794\" src=\"https:\/\/vietextile.com\/wp-content\/uploads\/2024\/07\/hoa-chat-2.webp\" class=\"elementor-animation-grow attachment-full size-full wp-image-4532\" alt=\"\" srcset=\"https:\/\/vietextile.com\/wp-content\/uploads\/2024\/07\/hoa-chat-2.webp 1024w, https:\/\/vietextile.com\/wp-content\/uploads\/2024\/07\/hoa-chat-2-300x233.webp 300w, https:\/\/vietextile.com\/wp-content\/uploads\/2024\/07\/hoa-chat-2-768x596.webp 768w\" sizes=\"(max-width: 1024px) 100vw, 1024px\" title=\"\">\t\t\t\t\t\t\t\t\t\t\t\t\t\t\t<\/div>\n\t\t\t\t<\/div>\n\t\t\t\t<\/div>\n\t\t\t\t\t<\/div>\n\t\t\t\t<\/div>\n\t\t<div class=\"elementor-element elementor-element-6abb7dd e-flex e-con-boxed e-con e-parent\" data-id=\"6abb7dd\" data-element_type=\"container\">\n\t\t\t\t\t<div class=\"e-con-inner\">\n\t\t<div class=\"elementor-element elementor-element-a117c36 e-con-full e-flex e-con e-child\" data-id=\"a117c36\" data-element_type=\"container\">\n\t\t\t\t<div class=\"elementor-element elementor-element-31fb67f elementor-widget elementor-widget-heading\" data-id=\"31fb67f\" data-element_type=\"widget\" data-widget_type=\"heading.default\">\n\t\t\t\t<div class=\"elementor-widget-container\">\n\t\t\t\t\t<h2 class=\"elementor-heading-title elementor-size-default\">\u1ee8ng d\u1ee5ng VieChemol SR tr\u00ean v\u1ea3i Cotton<\/h2>\t\t\t\t<\/div>\n\t\t\t\t<\/div>\n\t\t\t\t<div class=\"elementor-element elementor-element-afc7dc7 elementor-widget elementor-widget-text-editor\" data-id=\"afc7dc7\" data-element_type=\"widget\" data-widget_type=\"text-editor.default\">\n\t\t\t\t<div class=\"elementor-widget-container\">\n\t\t\t\t\t\t\t\t\t<p>VieChemol SR gi\u00fap nh\u00e0 m\u00e1y ti\u1ebft ki\u1ec7m h\u01a1n m\u1ed9t n\u1eeda th\u1eddi gian, n\u0103ng l\u01b0\u1ee3ng so v\u1edbi quy tr\u00ecnh c\u0169. V\u1ea3i Cotton qua x\u1eed l\u00fd kh\u00f4ng ch\u1ec9 \u0111\u1ea1t \u0111\u01b0\u1ee3c m\u00e0u s\u1eafc ti\u00eau chu\u1ea9n m\u00e0 c\u00f2n t\u1ea1o c\u1ea3m nh\u1eadn m\u1ec1m m\u1ea1i, tho\u1ea3i m\u00e1i khi ti\u1ebfp x\u00fac.<\/p>\t\t\t\t\t\t\t\t<\/div>\n\t\t\t\t<\/div>\n\t\t\t\t<div class=\"elementor-element elementor-element-ffa3acc elementor-widget elementor-widget-button\" data-id=\"ffa3acc\" data-element_type=\"widget\" data-widget_type=\"button.default\">\n\t\t\t\t<div class=\"elementor-widget-container\">\n\t\t\t\t\t\t\t\t\t<div class=\"elementor-button-wrapper\">\n\t\t\t\t\t<a class=\"elementor-button elementor-button-link elementor-size-sm\" href=\"#\">\n\t\t\t\t\t\t<span class=\"elementor-button-content-wrapper\">\n\t\t\t\t\t\t\t\t\t<span class=\"elementor-button-text\">Xem th\u00eam<\/span>\n\t\t\t\t\t<\/span>\n\t\t\t\t\t<\/a>\n\t\t\t\t<\/div>\n\t\t\t\t\t\t\t\t<\/div>\n\t\t\t\t<\/div>\n\t\t\t\t<\/div>\n\t\t<div class=\"elementor-element elementor-element-a5d769e e-con-full e-flex e-con e-child\" data-id=\"a5d769e\" data-element_type=\"container\">\n\t\t\t\t<div class=\"elementor-element elementor-element-218fa2f elementor-widget elementor-widget-image\" data-id=\"218fa2f\" data-element_type=\"widget\" data-widget_type=\"image.default\">\n\t\t\t\t<div class=\"elementor-widget-container\">\n\t\t\t\t\t\t\t\t\t\t\t\t\t\t\t<img decoding=\"async\" width=\"1024\" height=\"794\" src=\"https:\/\/vietextile.com\/wp-content\/uploads\/2024\/07\/hoa-chat-3.webp\" class=\"elementor-animation-grow attachment-full size-full wp-image-4533\" alt=\"\" srcset=\"https:\/\/vietextile.com\/wp-content\/uploads\/2024\/07\/hoa-chat-3.webp 1024w, https:\/\/vietextile.com\/wp-content\/uploads\/2024\/07\/hoa-chat-3-300x233.webp 300w, https:\/\/vietextile.com\/wp-content\/uploads\/2024\/07\/hoa-chat-3-768x596.webp 768w\" sizes=\"(max-width: 1024px) 100vw, 1024px\" title=\"\">\t\t\t\t\t\t\t\t\t\t\t\t\t\t\t<\/div>\n\t\t\t\t<\/div>\n\t\t\t\t<\/div>\n\t\t\t\t\t<\/div>\n\t\t\t\t<\/div>\n\t\t<div class=\"elementor-element elementor-element-570792d9 e-flex e-con-boxed e-con e-parent\" data-id=\"570792d9\" data-element_type=\"container\" data-settings=\"{&quot;background_background&quot;:&quot;classic&quot;,&quot;background_motion_fx_motion_fx_mouse&quot;:&quot;yes&quot;,&quot;background_motion_fx_mouseTrack_effect&quot;:&quot;yes&quot;,&quot;background_motion_fx_mouseTrack_speed&quot;:{&quot;unit&quot;:&quot;px&quot;,&quot;size&quot;:1,&quot;sizes&quot;:[]}}\">\n\t\t\t\t\t<div class=\"e-con-inner\">\n\t\t<div class=\"elementor-element elementor-element-23267ccf e-con-full e-flex e-con e-child\" data-id=\"23267ccf\" data-element_type=\"container\" data-settings=\"{&quot;background_background&quot;:&quot;classic&quot;}\">\n\t\t\t\t<div class=\"elementor-element elementor-element-ba62da8 elementor-widget elementor-widget-heading\" data-id=\"ba62da8\" data-element_type=\"widget\" data-widget_type=\"heading.default\">\n\t\t\t\t<div class=\"elementor-widget-container\">\n\t\t\t\t\t<h2 class=\"elementor-heading-title elementor-size-default\">VIETEXTILE<\/h2>\t\t\t\t<\/div>\n\t\t\t\t<\/div>\n\t\t\t\t<div class=\"elementor-element elementor-element-d35f45 elementor-widget elementor-widget-heading\" data-id=\"d35f45\" data-element_type=\"widget\" data-widget_type=\"heading.default\">\n\t\t\t\t<div class=\"elementor-widget-container\">\n\t\t\t\t\t<h2 class=\"elementor-heading-title elementor-size-default\">C\u00d4NG NGH\u1ec6 HI\u1ec6N \u0110\u1ea0I \u2013 GI\u1ea2I PH\u00c1P T\u01af\u01a0NG LAI\n<\/h2>\t\t\t\t<\/div>\n\t\t\t\t<\/div>\n\t\t\t\t<div class=\"elementor-element elementor-element-61859ee1 elementor-align-center elementor-widget elementor-widget-button\" data-id=\"61859ee1\" data-element_type=\"widget\" data-widget_type=\"button.default\">\n\t\t\t\t<div class=\"elementor-widget-container\">\n\t\t\t\t\t\t\t\t\t<div class=\"elementor-button-wrapper\">\n\t\t\t\t\t<a class=\"elementor-button elementor-button-link elementor-size-sm\" href=\"https:\/\/vietextile.com\/lien-he\/\" target=\"_blank\">\n\t\t\t\t\t\t<span class=\"elementor-button-content-wrapper\">\n\t\t\t\t\t\t\t\t\t<span class=\"elementor-button-text\">Li\u00ean h\u1ec7 ngay<\/span>\n\t\t\t\t\t<\/span>\n\t\t\t\t\t<\/a>\n\t\t\t\t<\/div>\n\t\t\t\t\t\t\t\t<\/div>\n\t\t\t\t<\/div>\n\t\t\t\t<div class=\"elementor-element elementor-element-4694024e elementor-widget-divider--view-line elementor-widget elementor-widget-divider\" data-id=\"4694024e\" data-element_type=\"widget\" data-widget_type=\"divider.default\">\n\t\t\t\t<div class=\"elementor-widget-container\">\n\t\t\t\t\t\t\t<div class=\"elementor-divider\">\n\t\t\t<span class=\"elementor-divider-separator\">\n\t\t\t\t\t\t<\/span>\n\t\t<\/div>\n\t\t\t\t\t\t<\/div>\n\t\t\t\t<\/div>\n\t\t\t\t<\/div>\n\t\t\t\t\t<\/div>\n\t\t\t\t<\/div>\n\t\t\t\t<\/div>\n\t\t","protected":false},"excerpt":{"rendered":"<p>Viechemol Ho\u00e1 Ch\u1ea5t N\u1ea5u T\u1ea9y Gi\u1ea3i ph\u00e1p to\u00e0n di\u1ec7n cho c\u00e1c quy tr\u00ecnh nhu\u1ed9m T\u00ecm hi\u1ec3u ngay Gi\u1edbi thi\u1ec7u v\u1ec1 VieChemol VieChemol SR l\u00e0 h\u1ee3p ch\u1ea5t n\u1ea5u t\u1ea9y, l\u00e0m \u01b0\u1edbt hi\u1ec7u qu\u1ea3. \u0110\u1ed3ng th\u1eddi, mang l\u1ea1i l\u1ee3i \u00edch \u0111\u00e1ng k\u1ec3 cho ng\u00e0nh c\u00f4ng nghi\u1ec7p d\u1ec7t may. Th\u00e0nh ph\u1ea7n ho\u00e1 h\u1ecdc c\u1ee7a VieChemol Th\u00e0nh ph\u1ea7n ch\u00ednh [&hellip;]<\/p>\n","protected":false},"author":1,"featured_media":0,"parent":0,"menu_order":0,"comment_status":"closed","ping_status":"closed","template":"elementor_header_footer","meta":{"footnotes":""},"class_list":["post-4527","page","type-page","status-publish","hentry"],"_links":{"self":[{"href":"https:\/\/vietextile.com\/en\/wp-json\/wp\/v2\/pages\/4527","targetHints":{"allow":["GET"]}}],"collection":[{"href":"https:\/\/vietextile.com\/en\/wp-json\/wp\/v2\/pages"}],"about":[{"href":"https:\/\/vietextile.com\/en\/wp-json\/wp\/v2\/types\/page"}],"author":[{"embeddable":true,"href":"https:\/\/vietextile.com\/en\/wp-json\/wp\/v2\/users\/1"}],"replies":[{"embeddable":true,"href":"https:\/\/vietextile.com\/en\/wp-json\/wp\/v2\/comments?post=4527"}],"version-history":[{"count":0,"href":"https:\/\/vietextile.com\/en\/wp-json\/wp\/v2\/pages\/4527\/revisions"}],"wp:attachment":[{"href":"https:\/\/vietextile.com\/en\/wp-json\/wp\/v2\/media?parent=4527"}],"curies":[{"name":"wp","href":"https:\/\/api.w.org\/{rel}","templated":true}]}}